{"id":197,"date":"2018-06-08T09:18:18","date_gmt":"2018-06-08T09:18:18","guid":{"rendered":"https:\/\/graylinesplit.com\/?page_id=197"},"modified":"2018-06-08T09:18:18","modified_gmt":"2018-06-08T09:18:18","slug":"dubrovnik","status":"publish","type":"page","link":"https:\/\/graylinesplit.com\/hr\/dubrovnik\/","title":{"rendered":"Dubrovnik"},"content":{"rendered":"<p class=\"m-top\">Dubrovnik i njegove stare gradske zidine jedna su od najfotografiranijih destinacija u Europi. U srednjem vijeku bila je poznata kao Republika Ragusa, primorska dr\u017eava koja se u svojoj mo\u0107i natjecala s Venecijom.<\/p>\n<p><p>Zbog svoje povijesne va\u017enosti i kulturne ba\u0161tine, Dubrovnik je uvr\u0161ten u UNESCO-ov za\u0161ti\u0107eni grad. Izme\u0111u ostalog, prekrasna renesansna arhitektura, crveni krovovi i kilometarske zidine koje su stolje\u0107ima uspje\u0161no odolijevale napadima raznih neprijatelja ono su \u0161to Dubrovnik morate posjetiti u Hrvatskoj. <\/p>\n<p>Istra\u017eite stari grad i glavnu ulicu Stradun, franjeva\u010dki samostan s jednom od najstarijih ljekarni na svijetu, prelijepi Kne\u017eev dvor i sve ostale manje i ve\u0107e trgove, ulice i crkve ovog jedinstvenog grada.<\/p>","protected":false},"excerpt":{"rendered":"<p>Dubrovnik and its old walled city walls are one of the most photographed destinations in Europe. In the Middle Ages it was known as the Republic of Ragusa, a seaside state that competed with Venice in its power. Because of its historical importance and cultural heritage, Dubrovnik is listed as UNESCO as a protected city. [&hellip;]<\/p>\n","protected":false},"author":1,"featured_media":0,"parent":0,"menu_order":0,"comment_status":"closed","ping_status":"closed","template":"page-info.php","meta":[],"yoast_head":"<!-- This site is optimized with the Yoast SEO plugin v20.6 - https:\/\/yoast.com\/wordpress\/plugins\/seo\/ -->\n<title>Dubrovnik - GrayLine<\/title>\n<meta name=\"robots\" content=\"index, follow, max-snippet:-1, max-image-preview:large, max-video-preview:-1\" \/>\n<link rel=\"canonical\" href=\"https:\/\/graylinesplit.com\/hr\/dubrovnik\/\" \/>\n<meta property=\"og:locale\" content=\"hr_HR\" \/>\n<meta property=\"og:type\" content=\"article\" \/>\n<meta property=\"og:title\" content=\"Dubrovnik - GrayLine\" \/>\n<meta property=\"og:description\" content=\"Dubrovnik and its old walled city walls are one of the most photographed destinations in Europe. In the Middle Ages it was known as the Republic of Ragusa, a seaside state that competed with Venice in its power. Because of its historical importance and cultural heritage, Dubrovnik is listed as UNESCO as a protected city. [&hellip;]\" \/>\n<meta property=\"og:url\" content=\"https:\/\/graylinesplit.com\/hr\/dubrovnik\/\" \/>\n<meta property=\"og:site_name\" content=\"GrayLine\" \/>\n<meta name=\"twitter:card\" content=\"summary_large_image\" \/>\n<meta name=\"twitter:label1\" content=\"Procijenjeno vrijeme \u010ditanja\" \/>\n\t<meta name=\"twitter:data1\" content=\"1 minuta\" \/>\n<script type=\"application\/ld+json\" class=\"yoast-schema-graph\">{\"@context\":\"https:\/\/schema.org\",\"@graph\":[{\"@type\":\"WebPage\",\"@id\":\"https:\/\/graylinesplit.com\/hr\/dubrovnik\/\",\"url\":\"https:\/\/graylinesplit.com\/hr\/dubrovnik\/\",\"name\":\"Dubrovnik - GrayLine\",\"isPartOf\":{\"@id\":\"https:\/\/graylinesplit.com\/#website\"},\"datePublished\":\"2018-06-08T09:18:18+00:00\",\"dateModified\":\"2018-06-08T09:18:18+00:00\",\"breadcrumb\":{\"@id\":\"https:\/\/graylinesplit.com\/hr\/dubrovnik\/#breadcrumb\"},\"inLanguage\":\"hr\",\"potentialAction\":[{\"@type\":\"ReadAction\",\"target\":[\"https:\/\/graylinesplit.com\/hr\/dubrovnik\/\"]}]},{\"@type\":\"BreadcrumbList\",\"@id\":\"https:\/\/graylinesplit.com\/hr\/dubrovnik\/#breadcrumb\",\"itemListElement\":[{\"@type\":\"ListItem\",\"position\":1,\"name\":\"Home\",\"item\":\"https:\/\/graylinesplit.com\/\"},{\"@type\":\"ListItem\",\"position\":2,\"name\":\"Dubrovnik\"}]},{\"@type\":\"WebSite\",\"@id\":\"https:\/\/graylinesplit.com\/#website\",\"url\":\"https:\/\/graylinesplit.com\/\",\"name\":\"GrayLine\",\"description\":\"Travel Agency\",\"potentialAction\":[{\"@type\":\"SearchAction\",\"target\":{\"@type\":\"EntryPoint\",\"urlTemplate\":\"https:\/\/graylinesplit.com\/?s={search_term_string}\"},\"query-input\":\"required name=search_term_string\"}],\"inLanguage\":\"hr\"}]}<\/script>\n<!-- \/ Yoast SEO plugin. -->","yoast_head_json":{"title":"Dubrovnik - GrayLine","robots":{"index":"index","follow":"follow","max-snippet":"max-snippet:-1","max-image-preview":"max-image-preview:large","max-video-preview":"max-video-preview:-1"},"canonical":"https:\/\/graylinesplit.com\/hr\/dubrovnik\/","og_locale":"hr_HR","og_type":"article","og_title":"Dubrovnik - GrayLine","og_description":"Dubrovnik and its old walled city walls are one of the most photographed destinations in Europe. In the Middle Ages it was known as the Republic of Ragusa, a seaside state that competed with Venice in its power. Because of its historical importance and cultural heritage, Dubrovnik is listed as UNESCO as a protected city. [&hellip;]","og_url":"https:\/\/graylinesplit.com\/hr\/dubrovnik\/","og_site_name":"GrayLine","twitter_card":"summary_large_image","twitter_misc":{"Procijenjeno vrijeme \u010ditanja":"1 minuta"},"schema":{"@context":"https:\/\/schema.org","@graph":[{"@type":"WebPage","@id":"https:\/\/graylinesplit.com\/hr\/dubrovnik\/","url":"https:\/\/graylinesplit.com\/hr\/dubrovnik\/","name":"Dubrovnik - GrayLine","isPartOf":{"@id":"https:\/\/graylinesplit.com\/#website"},"datePublished":"2018-06-08T09:18:18+00:00","dateModified":"2018-06-08T09:18:18+00:00","breadcrumb":{"@id":"https:\/\/graylinesplit.com\/hr\/dubrovnik\/#breadcrumb"},"inLanguage":"hr","potentialAction":[{"@type":"ReadAction","target":["https:\/\/graylinesplit.com\/hr\/dubrovnik\/"]}]},{"@type":"BreadcrumbList","@id":"https:\/\/graylinesplit.com\/hr\/dubrovnik\/#breadcrumb","itemListElement":[{"@type":"ListItem","position":1,"name":"Home","item":"https:\/\/graylinesplit.com\/"},{"@type":"ListItem","position":2,"name":"Dubrovnik"}]},{"@type":"WebSite","@id":"https:\/\/graylinesplit.com\/#website","url":"https:\/\/graylinesplit.com\/","name":"Gray Line","description":"Turisti\u010dka agencija","potentialAction":[{"@type":"SearchAction","target":{"@type":"EntryPoint","urlTemplate":"https:\/\/graylinesplit.com\/?s={search_term_string}"},"query-input":"required name=search_term_string"}],"inLanguage":"hr"}]}},"_links":{"self":[{"href":"https:\/\/graylinesplit.com\/hr\/wp-json\/wp\/v2\/pages\/197"}],"collection":[{"href":"https:\/\/graylinesplit.com\/hr\/wp-json\/wp\/v2\/pages"}],"about":[{"href":"https:\/\/graylinesplit.com\/hr\/wp-json\/wp\/v2\/types\/page"}],"author":[{"embeddable":true,"href":"https:\/\/graylinesplit.com\/hr\/wp-json\/wp\/v2\/users\/1"}],"replies":[{"embeddable":true,"href":"https:\/\/graylinesplit.com\/hr\/wp-json\/wp\/v2\/comments?post=197"}],"version-history":[{"count":1,"href":"https:\/\/graylinesplit.com\/hr\/wp-json\/wp\/v2\/pages\/197\/revisions"}],"predecessor-version":[{"id":198,"href":"https:\/\/graylinesplit.com\/hr\/wp-json\/wp\/v2\/pages\/197\/revisions\/198"}],"wp:attachment":[{"href":"https:\/\/graylinesplit.com\/hr\/wp-json\/wp\/v2\/media?parent=197"}],"curies":[{"name":"wp","href":"https:\/\/api.w.org\/{rel}","templated":true}]}}