{"id":199,"date":"2018-06-08T09:18:42","date_gmt":"2018-06-08T09:18:42","guid":{"rendered":"https:\/\/graylinesplit.com\/?page_id=199"},"modified":"2022-12-12T19:33:09","modified_gmt":"2022-12-12T17:33:09","slug":"mostar","status":"publish","type":"page","link":"https:\/\/graylinesplit.com\/hr\/mostar\/","title":{"rendered":"Mostar"},"content":{"rendered":"<p class=\"m-top\">Do\u017eivite kameni krajolik Hercegovine na ovoj jednodnevnoj turi, tijekom koje \u0107emo posjetiti Po\u010ditelj, slikoviti gradi\u0107, kao prvo mjesto za osvje\u017eenje i odmor. Nakon kratke vo\u017enje od Po\u010ditelja, posjetit \u0107emo Mostar \u2013 glavnu atrakciju ovog putovanja.<\/p>\n<p>U Mostaru, gradu koji isprepli\u0107e utjecaje sjevera i juga, istoka i zapada, obi\u0107i \u0107emo staru gradsku jezgru sa starim mostom iz 16. stolje\u0107a i jezgru grada, ali i imati dovoljno slobodnog vremena za ku\u0161anje tradicionalnih jela kao \u0161to su burek i baklava. Tako\u0111er, na\u0111ete li se u pravom trenutku u blizini starog mosta, mo\u017eete svjedo\u010diti gradskoj tradiciji skakanja u rijeku u kojoj sudjeluju samo iskusni stanovnici.<\/p>\n<p>Po povratku iz Mostara posjetit \u0107emo vodopad Kravica, oazu u kojoj se mo\u017eete i okupati tijekom ljetnih mjeseci.<\/p>\n\n\n<p><\/p>","protected":false},"excerpt":{"rendered":"<p>Experience the rocky landscape of Herzegovina on this one-day tour, during which we will visit Po\u010ditelj, a picturesque town, as the first refreshment and resting place. After a short drive from Po\u010ditelj, we will visit Mostar &#8211; the main attraction of this trip. In Mostar, a city that intertwines the influences of the north and [&hellip;]<\/p>\n","protected":false},"author":1,"featured_media":0,"parent":0,"menu_order":0,"comment_status":"closed","ping_status":"closed","template":"page-info.php","meta":[],"yoast_head":"<!-- This site is optimized with the Yoast SEO plugin v20.6 - https:\/\/yoast.com\/wordpress\/plugins\/seo\/ -->\n<title>Mostar - GrayLine<\/title>\n<meta name=\"robots\" content=\"index, follow, max-snippet:-1, max-image-preview:large, max-video-preview:-1\" \/>\n<link rel=\"canonical\" href=\"https:\/\/graylinesplit.com\/hr\/mostar\/\" \/>\n<meta property=\"og:locale\" content=\"hr_HR\" \/>\n<meta property=\"og:type\" content=\"article\" \/>\n<meta property=\"og:title\" content=\"Mostar - GrayLine\" \/>\n<meta property=\"og:description\" content=\"Experience the rocky landscape of Herzegovina on this one-day tour, during which we will visit Po\u010ditelj, a picturesque town, as the first refreshment and resting place. After a short drive from Po\u010ditelj, we will visit Mostar &#8211; the main attraction of this trip. In Mostar, a city that intertwines the influences of the north and [&hellip;]\" \/>\n<meta property=\"og:url\" content=\"https:\/\/graylinesplit.com\/hr\/mostar\/\" \/>\n<meta property=\"og:site_name\" content=\"GrayLine\" \/>\n<meta property=\"article:modified_time\" content=\"2022-12-12T17:33:09+00:00\" \/>\n<meta name=\"twitter:card\" content=\"summary_large_image\" \/>\n<meta name=\"twitter:label1\" content=\"Procijenjeno vrijeme \u010ditanja\" \/>\n\t<meta name=\"twitter:data1\" content=\"1 minuta\" \/>\n<script type=\"application\/ld+json\" class=\"yoast-schema-graph\">{\"@context\":\"https:\/\/schema.org\",\"@graph\":[{\"@type\":\"WebPage\",\"@id\":\"https:\/\/graylinesplit.com\/mostar\/\",\"url\":\"https:\/\/graylinesplit.com\/mostar\/\",\"name\":\"Mostar - GrayLine\",\"isPartOf\":{\"@id\":\"https:\/\/graylinesplit.com\/#website\"},\"datePublished\":\"2018-06-08T09:18:42+00:00\",\"dateModified\":\"2022-12-12T17:33:09+00:00\",\"breadcrumb\":{\"@id\":\"https:\/\/graylinesplit.com\/mostar\/#breadcrumb\"},\"inLanguage\":\"hr\",\"potentialAction\":[{\"@type\":\"ReadAction\",\"target\":[\"https:\/\/graylinesplit.com\/mostar\/\"]}]},{\"@type\":\"BreadcrumbList\",\"@id\":\"https:\/\/graylinesplit.com\/mostar\/#breadcrumb\",\"itemListElement\":[{\"@type\":\"ListItem\",\"position\":1,\"name\":\"Home\",\"item\":\"https:\/\/graylinesplit.com\/\"},{\"@type\":\"ListItem\",\"position\":2,\"name\":\"Mostar\"}]},{\"@type\":\"WebSite\",\"@id\":\"https:\/\/graylinesplit.com\/#website\",\"url\":\"https:\/\/graylinesplit.com\/\",\"name\":\"GrayLine\",\"description\":\"Travel Agency\",\"potentialAction\":[{\"@type\":\"SearchAction\",\"target\":{\"@type\":\"EntryPoint\",\"urlTemplate\":\"https:\/\/graylinesplit.com\/?s={search_term_string}\"},\"query-input\":\"required name=search_term_string\"}],\"inLanguage\":\"hr\"}]}<\/script>\n<!-- \/ Yoast SEO plugin. -->","yoast_head_json":{"title":"Mostar - GrayLine","robots":{"index":"index","follow":"follow","max-snippet":"max-snippet:-1","max-image-preview":"max-image-preview:large","max-video-preview":"max-video-preview:-1"},"canonical":"https:\/\/graylinesplit.com\/hr\/mostar\/","og_locale":"hr_HR","og_type":"article","og_title":"Mostar - GrayLine","og_description":"Experience the rocky landscape of Herzegovina on this one-day tour, during which we will visit Po\u010ditelj, a picturesque town, as the first refreshment and resting place. After a short drive from Po\u010ditelj, we will visit Mostar &#8211; the main attraction of this trip. In Mostar, a city that intertwines the influences of the north and [&hellip;]","og_url":"https:\/\/graylinesplit.com\/hr\/mostar\/","og_site_name":"GrayLine","article_modified_time":"2022-12-12T17:33:09+00:00","twitter_card":"summary_large_image","twitter_misc":{"Procijenjeno vrijeme \u010ditanja":"1 minuta"},"schema":{"@context":"https:\/\/schema.org","@graph":[{"@type":"WebPage","@id":"https:\/\/graylinesplit.com\/mostar\/","url":"https:\/\/graylinesplit.com\/mostar\/","name":"Mostar - GrayLine","isPartOf":{"@id":"https:\/\/graylinesplit.com\/#website"},"datePublished":"2018-06-08T09:18:42+00:00","dateModified":"2022-12-12T17:33:09+00:00","breadcrumb":{"@id":"https:\/\/graylinesplit.com\/mostar\/#breadcrumb"},"inLanguage":"hr","potentialAction":[{"@type":"ReadAction","target":["https:\/\/graylinesplit.com\/mostar\/"]}]},{"@type":"BreadcrumbList","@id":"https:\/\/graylinesplit.com\/mostar\/#breadcrumb","itemListElement":[{"@type":"ListItem","position":1,"name":"Home","item":"https:\/\/graylinesplit.com\/"},{"@type":"ListItem","position":2,"name":"Mostar"}]},{"@type":"WebSite","@id":"https:\/\/graylinesplit.com\/#website","url":"https:\/\/graylinesplit.com\/","name":"Gray Line","description":"Turisti\u010dka agencija","potentialAction":[{"@type":"SearchAction","target":{"@type":"EntryPoint","urlTemplate":"https:\/\/graylinesplit.com\/?s={search_term_string}"},"query-input":"required name=search_term_string"}],"inLanguage":"hr"}]}},"_links":{"self":[{"href":"https:\/\/graylinesplit.com\/hr\/wp-json\/wp\/v2\/pages\/199"}],"collection":[{"href":"https:\/\/graylinesplit.com\/hr\/wp-json\/wp\/v2\/pages"}],"about":[{"href":"https:\/\/graylinesplit.com\/hr\/wp-json\/wp\/v2\/types\/page"}],"author":[{"embeddable":true,"href":"https:\/\/graylinesplit.com\/hr\/wp-json\/wp\/v2\/users\/1"}],"replies":[{"embeddable":true,"href":"https:\/\/graylinesplit.com\/hr\/wp-json\/wp\/v2\/comments?post=199"}],"version-history":[{"count":3,"href":"https:\/\/graylinesplit.com\/hr\/wp-json\/wp\/v2\/pages\/199\/revisions"}],"predecessor-version":[{"id":2296,"href":"https:\/\/graylinesplit.com\/hr\/wp-json\/wp\/v2\/pages\/199\/revisions\/2296"}],"wp:attachment":[{"href":"https:\/\/graylinesplit.com\/hr\/wp-json\/wp\/v2\/media?parent=199"}],"curies":[{"name":"wp","href":"https:\/\/api.w.org\/{rel}","templated":true}]}}