{"id":201,"date":"2018-06-08T09:19:04","date_gmt":"2018-06-08T09:19:04","guid":{"rendered":"https:\/\/graylinesplit.com\/?page_id=201"},"modified":"2018-06-08T09:19:04","modified_gmt":"2018-06-08T09:19:04","slug":"np-krka","status":"publish","type":"page","link":"https:\/\/graylinesplit.com\/hr\/np-krka\/","title":{"rendered":"Np Krka"},"content":{"rendered":"<p class=\"m-top\">Pripremite se za jedinstveno iskustvo u prirodi, daleko od gradske gu\u017eve! Pridru\u017eite nam se na izletu u NP Krka; usko\u010dite u autobus, kupite kartu i u\u017eivajte u istra\u017eivanju ove jedinstvene destinacije i njezine ljepote.<\/p>\n<p>Skradinski buk, najdu\u017ei dio barikada na rijeci Krki, mjesto je na kojem \u0107ete provesti najvi\u0161e vremena s obzirom na to da je podvodnim slapovima dopu\u0161teno kupanje! Iskoristite slobodno vrijeme koje \u0107ete morati i\u0107i i istra\u017eivati ovo prekrasno mjesto.<\/p>","protected":false},"excerpt":{"rendered":"<p>Prepare yourself for a unique experience in nature, far from the city crowd! Join us on a trip to NP Krka; jump on the bus, buy a ticket and enjoy exploring this unique destination and its beauty. Skradinski Buk, the longest stretch of barricade on the Krka River, is the place where you will spend [&hellip;]<\/p>\n","protected":false},"author":1,"featured_media":0,"parent":0,"menu_order":0,"comment_status":"closed","ping_status":"closed","template":"page-info.php","meta":[],"yoast_head":"<!-- This site is optimized with the Yoast SEO plugin v20.6 - https:\/\/yoast.com\/wordpress\/plugins\/seo\/ -->\n<title>Np Krka - GrayLine<\/title>\n<meta name=\"robots\" content=\"index, follow, max-snippet:-1, max-image-preview:large, max-video-preview:-1\" \/>\n<link rel=\"canonical\" href=\"https:\/\/graylinesplit.com\/hr\/np-krka\/\" \/>\n<meta property=\"og:locale\" content=\"hr_HR\" \/>\n<meta property=\"og:type\" content=\"article\" \/>\n<meta property=\"og:title\" content=\"Np Krka - GrayLine\" \/>\n<meta property=\"og:description\" content=\"Prepare yourself for a unique experience in nature, far from the city crowd! Join us on a trip to NP Krka; jump on the bus, buy a ticket and enjoy exploring this unique destination and its beauty. Skradinski Buk, the longest stretch of barricade on the Krka River, is the place where you will spend [&hellip;]\" \/>\n<meta property=\"og:url\" content=\"https:\/\/graylinesplit.com\/hr\/np-krka\/\" \/>\n<meta property=\"og:site_name\" content=\"GrayLine\" \/>\n<meta name=\"twitter:card\" content=\"summary_large_image\" \/>\n<script type=\"application\/ld+json\" class=\"yoast-schema-graph\">{\"@context\":\"https:\/\/schema.org\",\"@graph\":[{\"@type\":\"WebPage\",\"@id\":\"https:\/\/graylinesplit.com\/np-krka\/\",\"url\":\"https:\/\/graylinesplit.com\/np-krka\/\",\"name\":\"Np Krka - GrayLine\",\"isPartOf\":{\"@id\":\"https:\/\/graylinesplit.com\/#website\"},\"datePublished\":\"2018-06-08T09:19:04+00:00\",\"dateModified\":\"2018-06-08T09:19:04+00:00\",\"breadcrumb\":{\"@id\":\"https:\/\/graylinesplit.com\/np-krka\/#breadcrumb\"},\"inLanguage\":\"hr\",\"potentialAction\":[{\"@type\":\"ReadAction\",\"target\":[\"https:\/\/graylinesplit.com\/np-krka\/\"]}]},{\"@type\":\"BreadcrumbList\",\"@id\":\"https:\/\/graylinesplit.com\/np-krka\/#breadcrumb\",\"itemListElement\":[{\"@type\":\"ListItem\",\"position\":1,\"name\":\"Home\",\"item\":\"https:\/\/graylinesplit.com\/\"},{\"@type\":\"ListItem\",\"position\":2,\"name\":\"Np Krka\"}]},{\"@type\":\"WebSite\",\"@id\":\"https:\/\/graylinesplit.com\/#website\",\"url\":\"https:\/\/graylinesplit.com\/\",\"name\":\"GrayLine\",\"description\":\"Travel Agency\",\"potentialAction\":[{\"@type\":\"SearchAction\",\"target\":{\"@type\":\"EntryPoint\",\"urlTemplate\":\"https:\/\/graylinesplit.com\/?s={search_term_string}\"},\"query-input\":\"required name=search_term_string\"}],\"inLanguage\":\"hr\"}]}<\/script>\n<!-- \/ Yoast SEO plugin. -->","yoast_head_json":{"title":"Np Krka - GrayLine","robots":{"index":"index","follow":"follow","max-snippet":"max-snippet:-1","max-image-preview":"max-image-preview:large","max-video-preview":"max-video-preview:-1"},"canonical":"https:\/\/graylinesplit.com\/hr\/np-krka\/","og_locale":"hr_HR","og_type":"article","og_title":"Np Krka - GrayLine","og_description":"Prepare yourself for a unique experience in nature, far from the city crowd! Join us on a trip to NP Krka; jump on the bus, buy a ticket and enjoy exploring this unique destination and its beauty. Skradinski Buk, the longest stretch of barricade on the Krka River, is the place where you will spend [&hellip;]","og_url":"https:\/\/graylinesplit.com\/hr\/np-krka\/","og_site_name":"GrayLine","twitter_card":"summary_large_image","schema":{"@context":"https:\/\/schema.org","@graph":[{"@type":"WebPage","@id":"https:\/\/graylinesplit.com\/np-krka\/","url":"https:\/\/graylinesplit.com\/np-krka\/","name":"Np Krka - GrayLine","isPartOf":{"@id":"https:\/\/graylinesplit.com\/#website"},"datePublished":"2018-06-08T09:19:04+00:00","dateModified":"2018-06-08T09:19:04+00:00","breadcrumb":{"@id":"https:\/\/graylinesplit.com\/np-krka\/#breadcrumb"},"inLanguage":"hr","potentialAction":[{"@type":"ReadAction","target":["https:\/\/graylinesplit.com\/np-krka\/"]}]},{"@type":"BreadcrumbList","@id":"https:\/\/graylinesplit.com\/np-krka\/#breadcrumb","itemListElement":[{"@type":"ListItem","position":1,"name":"Home","item":"https:\/\/graylinesplit.com\/"},{"@type":"ListItem","position":2,"name":"Np Krka"}]},{"@type":"WebSite","@id":"https:\/\/graylinesplit.com\/#website","url":"https:\/\/graylinesplit.com\/","name":"Gray Line","description":"Turisti\u010dka agencija","potentialAction":[{"@type":"SearchAction","target":{"@type":"EntryPoint","urlTemplate":"https:\/\/graylinesplit.com\/?s={search_term_string}"},"query-input":"required name=search_term_string"}],"inLanguage":"hr"}]}},"_links":{"self":[{"href":"https:\/\/graylinesplit.com\/hr\/wp-json\/wp\/v2\/pages\/201"}],"collection":[{"href":"https:\/\/graylinesplit.com\/hr\/wp-json\/wp\/v2\/pages"}],"about":[{"href":"https:\/\/graylinesplit.com\/hr\/wp-json\/wp\/v2\/types\/page"}],"author":[{"embeddable":true,"href":"https:\/\/graylinesplit.com\/hr\/wp-json\/wp\/v2\/users\/1"}],"replies":[{"embeddable":true,"href":"https:\/\/graylinesplit.com\/hr\/wp-json\/wp\/v2\/comments?post=201"}],"version-history":[{"count":1,"href":"https:\/\/graylinesplit.com\/hr\/wp-json\/wp\/v2\/pages\/201\/revisions"}],"predecessor-version":[{"id":202,"href":"https:\/\/graylinesplit.com\/hr\/wp-json\/wp\/v2\/pages\/201\/revisions\/202"}],"wp:attachment":[{"href":"https:\/\/graylinesplit.com\/hr\/wp-json\/wp\/v2\/media?parent=201"}],"curies":[{"name":"wp","href":"https:\/\/api.w.org\/{rel}","templated":true}]}}