{"id":203,"date":"2018-06-08T09:19:29","date_gmt":"2018-06-08T09:19:29","guid":{"rendered":"https:\/\/graylinesplit.com\/?page_id=203"},"modified":"2018-06-08T09:19:29","modified_gmt":"2018-06-08T09:19:29","slug":"plitvicka-jezera","status":"publish","type":"page","link":"https:\/\/graylinesplit.com\/hr\/plitvicka-jezera\/","title":{"rendered":"Plitvi\u010dka jezera"},"content":{"rendered":"<p class=\"m-top\">Ovim izletom vodimo vas u jedan od najljep\u0161ih europskih parkova prirode, Plitvi\u010dka jezera. Dolaskom u NP Plitvice obi\u0107i \u0107emo za\u0161ti\u0107eno podru\u010dje sa njegovih 16 jezera i brojnih slapova koji zajedno s florom i faunom \u010dine prirodni kompleks koji je pod za\u0161titom UNESCO-a od 1979. godine. <\/p>\n<p>U nacionalnom parku u\u017eivat \u0107ete u \u0161etnji drvenim stazama koje plutaju iznad vode, slu\u0161aju\u0107i pri\u010du profesionalnog vodi\u010da.<\/p>\n<p>Na jezeru Kozjak ukrcat \u0107ete se na \u010damac koji \u0107e nastaviti va\u0161e \u010darobno putovanje kroz vodu do Pro\u0161\u0107anskog jezera. Zatim \u0107ete se ukrcati na elektri\u010dni vlak koji \u0107e vas vratiti na po\u010detnu to\u010dku va\u0161e avanture. <\/p>\n<p>Povratkom u Trogir i Split, zaustavit \u0107emo se u restoranu gdje \u0107ete imati priliku odabrati jelo po vlastitom izboru i ku\u0161ati tradicionalnu hrvatsku kuhinju. <\/p>\n<p>Nakon ru\u010dka slijedi ugodna vo\u017enja do mjesta polaska.<\/p>","protected":false},"excerpt":{"rendered":"<p>With this excursion we take you to one of the most beautiful European parks of nature, Plitvice Lakes. By coming to NP Plitvice, we will visit the protected area from its 16 lakes and many waterfalls, which together with flora and fauna make up the natural complex that is under UNESCO protection since 1979. In [&hellip;]<\/p>\n","protected":false},"author":1,"featured_media":0,"parent":0,"menu_order":0,"comment_status":"closed","ping_status":"closed","template":"page-info.php","meta":[],"yoast_head":"<!-- This site is optimized with the Yoast SEO plugin v20.6 - https:\/\/yoast.com\/wordpress\/plugins\/seo\/ -->\n<title>Plitvi\u010dka jezera - GrayLine<\/title>\n<meta name=\"robots\" content=\"index, follow, max-snippet:-1, max-image-preview:large, max-video-preview:-1\" \/>\n<link rel=\"canonical\" href=\"https:\/\/graylinesplit.com\/hr\/plitvicka-jezera\/\" \/>\n<meta property=\"og:locale\" content=\"hr_HR\" \/>\n<meta property=\"og:type\" content=\"article\" \/>\n<meta property=\"og:title\" content=\"Plitvi\u010dka jezera - GrayLine\" \/>\n<meta property=\"og:description\" content=\"With this excursion we take you to one of the most beautiful European parks of nature, Plitvice Lakes. By coming to NP Plitvice, we will visit the protected area from its 16 lakes and many waterfalls, which together with flora and fauna make up the natural complex that is under UNESCO protection since 1979. In [&hellip;]\" \/>\n<meta property=\"og:url\" content=\"https:\/\/graylinesplit.com\/hr\/plitvicka-jezera\/\" \/>\n<meta property=\"og:site_name\" content=\"GrayLine\" \/>\n<meta name=\"twitter:card\" content=\"summary_large_image\" \/>\n<meta name=\"twitter:label1\" content=\"Procijenjeno vrijeme \u010ditanja\" \/>\n\t<meta name=\"twitter:data1\" content=\"1 minuta\" \/>\n<script type=\"application\/ld+json\" class=\"yoast-schema-graph\">{\"@context\":\"https:\/\/schema.org\",\"@graph\":[{\"@type\":\"WebPage\",\"@id\":\"https:\/\/graylinesplit.com\/plitvicka-jezera\/\",\"url\":\"https:\/\/graylinesplit.com\/plitvicka-jezera\/\",\"name\":\"Plitvi\u010dka jezera - GrayLine\",\"isPartOf\":{\"@id\":\"https:\/\/graylinesplit.com\/#website\"},\"datePublished\":\"2018-06-08T09:19:29+00:00\",\"dateModified\":\"2018-06-08T09:19:29+00:00\",\"breadcrumb\":{\"@id\":\"https:\/\/graylinesplit.com\/plitvicka-jezera\/#breadcrumb\"},\"inLanguage\":\"hr\",\"potentialAction\":[{\"@type\":\"ReadAction\",\"target\":[\"https:\/\/graylinesplit.com\/plitvicka-jezera\/\"]}]},{\"@type\":\"BreadcrumbList\",\"@id\":\"https:\/\/graylinesplit.com\/plitvicka-jezera\/#breadcrumb\",\"itemListElement\":[{\"@type\":\"ListItem\",\"position\":1,\"name\":\"Home\",\"item\":\"https:\/\/graylinesplit.com\/\"},{\"@type\":\"ListItem\",\"position\":2,\"name\":\"Plitvi\u010dka jezera\"}]},{\"@type\":\"WebSite\",\"@id\":\"https:\/\/graylinesplit.com\/#website\",\"url\":\"https:\/\/graylinesplit.com\/\",\"name\":\"GrayLine\",\"description\":\"Travel Agency\",\"potentialAction\":[{\"@type\":\"SearchAction\",\"target\":{\"@type\":\"EntryPoint\",\"urlTemplate\":\"https:\/\/graylinesplit.com\/?s={search_term_string}\"},\"query-input\":\"required name=search_term_string\"}],\"inLanguage\":\"hr\"}]}<\/script>\n<!-- \/ Yoast SEO plugin. -->","yoast_head_json":{"title":"Plitvi\u010dka jezera - GrayLine","robots":{"index":"index","follow":"follow","max-snippet":"max-snippet:-1","max-image-preview":"max-image-preview:large","max-video-preview":"max-video-preview:-1"},"canonical":"https:\/\/graylinesplit.com\/hr\/plitvicka-jezera\/","og_locale":"hr_HR","og_type":"article","og_title":"Plitvi\u010dka jezera - GrayLine","og_description":"With this excursion we take you to one of the most beautiful European parks of nature, Plitvice Lakes. By coming to NP Plitvice, we will visit the protected area from its 16 lakes and many waterfalls, which together with flora and fauna make up the natural complex that is under UNESCO protection since 1979. In [&hellip;]","og_url":"https:\/\/graylinesplit.com\/hr\/plitvicka-jezera\/","og_site_name":"GrayLine","twitter_card":"summary_large_image","twitter_misc":{"Procijenjeno vrijeme \u010ditanja":"1 minuta"},"schema":{"@context":"https:\/\/schema.org","@graph":[{"@type":"WebPage","@id":"https:\/\/graylinesplit.com\/plitvicka-jezera\/","url":"https:\/\/graylinesplit.com\/plitvicka-jezera\/","name":"Plitvi\u010dka jezera - GrayLine","isPartOf":{"@id":"https:\/\/graylinesplit.com\/#website"},"datePublished":"2018-06-08T09:19:29+00:00","dateModified":"2018-06-08T09:19:29+00:00","breadcrumb":{"@id":"https:\/\/graylinesplit.com\/plitvicka-jezera\/#breadcrumb"},"inLanguage":"hr","potentialAction":[{"@type":"ReadAction","target":["https:\/\/graylinesplit.com\/plitvicka-jezera\/"]}]},{"@type":"BreadcrumbList","@id":"https:\/\/graylinesplit.com\/plitvicka-jezera\/#breadcrumb","itemListElement":[{"@type":"ListItem","position":1,"name":"Home","item":"https:\/\/graylinesplit.com\/"},{"@type":"ListItem","position":2,"name":"Plitvi\u010dka jezera"}]},{"@type":"WebSite","@id":"https:\/\/graylinesplit.com\/#website","url":"https:\/\/graylinesplit.com\/","name":"Gray Line","description":"Turisti\u010dka agencija","potentialAction":[{"@type":"SearchAction","target":{"@type":"EntryPoint","urlTemplate":"https:\/\/graylinesplit.com\/?s={search_term_string}"},"query-input":"required name=search_term_string"}],"inLanguage":"hr"}]}},"_links":{"self":[{"href":"https:\/\/graylinesplit.com\/hr\/wp-json\/wp\/v2\/pages\/203"}],"collection":[{"href":"https:\/\/graylinesplit.com\/hr\/wp-json\/wp\/v2\/pages"}],"about":[{"href":"https:\/\/graylinesplit.com\/hr\/wp-json\/wp\/v2\/types\/page"}],"author":[{"embeddable":true,"href":"https:\/\/graylinesplit.com\/hr\/wp-json\/wp\/v2\/users\/1"}],"replies":[{"embeddable":true,"href":"https:\/\/graylinesplit.com\/hr\/wp-json\/wp\/v2\/comments?post=203"}],"version-history":[{"count":1,"href":"https:\/\/graylinesplit.com\/hr\/wp-json\/wp\/v2\/pages\/203\/revisions"}],"predecessor-version":[{"id":204,"href":"https:\/\/graylinesplit.com\/hr\/wp-json\/wp\/v2\/pages\/203\/revisions\/204"}],"wp:attachment":[{"href":"https:\/\/graylinesplit.com\/hr\/wp-json\/wp\/v2\/media?parent=203"}],"curies":[{"name":"wp","href":"https:\/\/api.w.org\/{rel}","templated":true}]}}