{"id":1335,"date":"2021-06-02T07:52:22","date_gmt":"2021-06-02T07:52:22","guid":{"rendered":"https:\/\/graylinesplit.com\/?post_type=product&#038;p=1335"},"modified":"2026-02-27T14:29:34","modified_gmt":"2026-02-27T12:29:34","slug":"krka-waterfalls-wanderers-day-tour-from-split-or-trogir","status":"publish","type":"product","link":"https:\/\/graylinesplit.com\/hr\/proizvod\/krka-waterfalls-wanderers-day-tour-from-split-or-trogir\/","title":{"rendered":"Dnevna tura lutalica Slapovi Krke iz Splita ili Trogira"},"content":{"rendered":"<h5>Plan puta<\/h5>\n<p>Provedite dan izvan grada i u\u017eivajte u ljepoti NP Krka svojim tempom. Mi smo va\u0161 servis ovom mjestu izuzetne prirodne vrijednosti. Jednostavno, pametno i precizno.<\/p>\n<p>Iz Splita ili Trogira u klimatiziranom autobusu s pratnjom uz sve savjete i trikove koji su vam potrebni za opu\u0161taju\u0107i dan na otvorenom oko jezera i slapova. Mi \u0107emo vam kupiti ulaznice (ulaz Lozovac), tako da ne morate \u010dekati u redu, a zatim \u0107e vam na po\u010detku staze na\u0161 pratitelj dati informacije i upute kako u\u017eivati na najbolji mogu\u0107i na\u010din. Dobro organizirana mre\u017ea staza za posjetitelje vodi vas ravno u mali nalik autenti\u010dno obnovljenim kamenim ku\u0107ama \u2013 radionicama, izlo\u0161cima i vodenicama koje demonstriraju sve \u0161to je potrebno za odr\u017eiv \u017eivot na selu prije nekoliko stolje\u0107a.<\/p>\n<p>Nastavite sami istra\u017eivati zonu pronalaze\u0107i svoj put preko voda o\u010daravaju\u0107e rijeke Krke i zaustavljaju\u0107i se tu i tamo kako biste pro\u010ditali edukativne karte sa zanimljivim informacijama o biljnim i \u017eivotinjskim vrstama koje ovo mjesto zovu domom. Duboko udahnite, opustite se u hladovini visokog drve\u0107a, sjednite uz osvje\u017eavaju\u0107u rijeku i polako upijajte svu ljepotu koja vas okru\u017euje. Cijelo vrijeme u parku iskoristite za lutanje okolicom, istra\u017euju\u0107i svaki kutak i koriste\u0107i sve savr\u0161ene prilike za fotografiranje.<\/p>\n<p>Ukupno 5 sati u parku na dvije lokacije. Lutajte i istra\u017eujte dva sata i 30 minuta na prvoj lokaciji, Skradinskom buku.<\/p>\n<p>Na\u0161a pratnja Vas potom \u010deka u dogovoreno vrijeme pored pristani\u0161ta za brodove. Fantasti\u010dna vo\u017enja \u010damcem kanjonom rijeke Krke dovodi nas na podru\u010dje grada Skradina, jo\u0161 uvijek unutar NP. Opet vrlo jednostavno. 2 sata i 30 minuta za opu\u0161tanje, opu\u0161tanje, kupanje u rijeci Krki ili u\u017eivanje u krajoliku. Na zahtjev, mo\u017eemo vas odvesti u lokalni obiteljski agroturizam udaljen samo 10 minuta na ugodan ru\u010dak ili ku\u0161anje vina. Na vama je da odlu\u010dite!<\/p>\n<h5>Upute za otkup<\/h5>\n<p>graylinecro@gmail.com \u2013 00385 91 240 0800<\/p>\n<p>Prilikom prijave dostavite ispisanu kopiju vau\u010dera.<\/p>\n<p>Molimo Vas da nas kontaktirate na vrijeme ako ne\u0107ete do\u0107i na drugom mjestu osim na okupljali\u0161tu u Splitu.<\/p>\n<p><strong>Molimo vas da se probijete do mjesta polaska<\/strong> 30 <strong>minuta prije po\u010detka ture.<\/strong><\/p>\n<h5>TO\u010cKA SUSRETA:<\/h5>\n<p><strong style=\"color: #fab31e;\">PODJELA:<\/strong> Grey Line Croatia \u2013 Split Office Tour kre\u0107e iz na\u0161eg Grey Line ureda u Splitu, koji se nalazi na poznatoj Rivi, na adresi Obala hrvatskog narodnog preporoda 21. Prepoznat \u0107ete znak Grey Line i na\u0161e djelatnike u majicama s natpisom isti znak. To\u010dne koordinate na\u0161eg ureda su 43.507564 geografske \u0161irine i 16.439579 geografske du\u017eine.<\/p>\n<p>Obavezno <strong>prijava karata<\/strong>\u00a0je 30<strong> minuta prije vremena polaska,<\/strong> stoga vas molimo da budete na mjestu sastanka na vrijeme za prijavu karata. Za sve dodatne informacije ili detaljne upute nazovite +385 91 240 0800<\/p>\n<p><strong style=\"color: #fab31e;\">TROGIR:<\/strong> Gray Line Hrvatska \u2013 ured Trogir<\/p>\n<p>Tura polazi iz na\u0161eg ureda Gray Line u Trogiru, koji se nalazi na sjevernom ulazu u povijesnu jezgru grada, tako\u0111er poznatu kao sjeverna vrata, na adresi Bla\u017ea Jurjeva Trogiranina 1. Prepoznat \u0107ete znak Gray Line i na\u0161e osoblje u majicama s istim znakom. To\u010dne koordinate na\u0161eg ureda su: geografska \u0161irina 43.517588 i<br \/>\nzemljopisna du\u017eina 16.250620.<br \/>\nVA\u017dNA NAPOMENA: Molimo kontaktirajte svog turoperatora za preuzimanje u Trogiru dan prije.<\/p>\n<p>Obavezna prijava karata je 30 minuta prije vremena polaska, stoga vas molimo da na vrijeme za prijavu karata budete na mjestu okupljanja. Za sve dodatne informacije ili detaljne upute nazovite +385 91 410 8514.<\/p>\n<h5 class=\"reviews-title\">Recenzije web stranica<\/h5>","protected":false},"excerpt":{"rendered":"<h5>WHY YOU SHOULD GO:<\/h5>\n<p>A must-see destination in Croatia<\/p>\n[rl_gallery id=\"70\"]\n<div class=\"ul-style check\">\n<h5>Highlights<\/h5>\n<p>DEPARTURE: Split Gray Line office 8:00 AM \/ Trogir Gray Line office 8:30 AM<\/p>\n<p>7:45 Tour briefing and ticket check at the Grayline office in Split<\/p>\n<p>8:00 &#8211; 09:30 Drive from Split to Krka NP, entrance Lozovac<\/p>\n<p>10:30 &#8211; 13:00 Visiting Skradinski Buk (free time)<\/p>\n<p>13:00-13:30 Boat ride down the Krka River canyon<\/p>\n<p>13:30-15:00 Free time for swimming and relaxing<\/p>\n<p>15:00-16:00 Food and wine stop at the local family agrotourism (optional)<\/p>\n<p>17:00 Return to Trogir<\/p>\n<p>17:30 Return to Split<\/p>\n<p>&nbsp;<\/p>\n<ul>\n<li>Excellent value for money<\/li>\n<li>Discover the natural beauties of Skradinski Buk in the famous Krka National Park<\/li>\n<li>Learn about the conservation and value of water, plants, and animals in Croatia<\/li>\n<li>Relax in Skradinski Buk while walking around the cascades<\/li>\n<li>Make the most of your visit during the summertime and take a swim<\/li>\n<\/ul>\n<\/div>\n<div class=\"ul-style check\">\n<h5>Inclusions<\/h5>\n<ul>\n<li>Transportation<\/li>\n<li>Licensed English-speaking tour escort<\/li>\n<li>boat ride in the park<\/li>\n<li>insurance<\/li>\n<li>VAT<\/li>\n<\/ul>\n<\/div>\n<div class=\"ul-style check\">\n<h5>Exclusions<\/h5>\n<ul>\n<li>\u2022 Entrance fee for the NP Krka Waterfalls (you must pay extra cash in EUR to pay the entrance fee when you arrive to do the check-in at Grayline&#8217;s office)<br \/>\n*Adult: 30\u20ac per person. *Student and Children (7-18): 15\u20ac per person. *Child (under 7) Free<\/li>\n<li>Wine tasting<\/li>\n<\/ul>\n<\/div>\n<div class=\"ul-style check\">\n<h5>Please Note<\/h5>\n<ul>\n<li>Comfortable walking shoes are recommended<\/li>\n<li>Lunch is available in a local restaurant (15\u20ac per person)<\/li>\n<\/ul>\n<\/div>\n","protected":false},"featured_media":375,"comment_status":"open","ping_status":"closed","template":"","meta":[],"product_cat":[28],"product_tag":[],"yoast_head":"<!-- This site is optimized with the Yoast SEO plugin v20.6 - https:\/\/yoast.com\/wordpress\/plugins\/seo\/ -->\n<title>Krka Waterfalls Wanderers Day Tour from Split or Trogir - GrayLine<\/title>\n<meta name=\"robots\" content=\"index, follow, max-snippet:-1, max-image-preview:large, max-video-preview:-1\" \/>\n<link rel=\"canonical\" href=\"https:\/\/graylinesplit.com\/hr\/proizvod\/krka-waterfalls-wanderers-day-tour-from-split-or-trogir\/\" \/>\n<meta property=\"og:locale\" content=\"hr_HR\" \/>\n<meta property=\"og:type\" content=\"article\" \/>\n<meta property=\"og:title\" content=\"Krka Waterfalls Wanderers Day Tour from Split or Trogir - GrayLine\" \/>\n<meta property=\"og:description\" content=\"WHY YOU SHOULD GO: A must-see destination in Croatia    Highlights DEPARTURE: Split Gray Line office 8:00 AM \/ Trogir Gray Line office 8:30 AM  7:45 Tour briefing and ticket check at the Grayline office in Split  8:00 - 09:30 Drive from Split to Krka NP, entrance Lozovac  10:30 - 13:00 Visiting Skradinski Buk (free time)  13:00-13:30 Boat ride down the Krka River canyon  13:30-15:00 Free time for swimming and relaxing  15:00-16:00 Food and wine stop at the local family agrotourism (optional)  17:00 Return to Trogir  17:30 Return to Split  &nbsp;   Excellent value for money  Discover the natural beauties of Skradinski Buk in the famous Krka National Park  Learn about the conservation and value of water, plants, and animals in Croatia  Relax in Skradinski Buk while walking around the cascades  Make the most of your visit during the summertime and take a swim    Inclusions   Transportation  Licensed English-speaking tour escort  boat ride in the park  insurance  VAT    Exclusions   \u2022 Entrance fee for the NP Krka Waterfalls (you must pay extra cash in EUR to pay the entrance fee when you arrive to do the check-in at Grayline&#039;s office) *Adult: 30\u20ac per person. *Student and Children (7-18): 15\u20ac per person. *Child (under 7) Free  Wine tasting    Please Note   Comfortable walking shoes are recommended  Lunch is available in a local restaurant (15\u20ac per person)\" \/>\n<meta property=\"og:url\" content=\"https:\/\/graylinesplit.com\/hr\/proizvod\/krka-waterfalls-wanderers-day-tour-from-split-or-trogir\/\" \/>\n<meta property=\"og:site_name\" content=\"GrayLine\" \/>\n<meta property=\"article:modified_time\" content=\"2026-02-27T12:29:34+00:00\" \/>\n<meta property=\"og:image\" content=\"https:\/\/graylinesplit.com\/wp-content\/uploads\/2018\/05\/KRKA-1920x1080-02.jpg\" \/>\n\t<meta property=\"og:image:width\" content=\"1920\" \/>\n\t<meta property=\"og:image:height\" content=\"1080\" \/>\n\t<meta property=\"og:image:type\" content=\"image\/jpeg\" \/>\n<meta name=\"twitter:card\" content=\"summary_large_image\" \/>\n<meta name=\"twitter:label1\" content=\"Procijenjeno vrijeme \u010ditanja\" \/>\n\t<meta name=\"twitter:data1\" content=\"3 minute\" \/>\n<script type=\"application\/ld+json\" class=\"yoast-schema-graph\">{\"@context\":\"https:\/\/schema.org\",\"@graph\":[{\"@type\":\"WebPage\",\"@id\":\"https:\/\/graylinesplit.com\/product\/krka-waterfalls-wanderers-day-tour-from-split-or-trogir\/\",\"url\":\"https:\/\/graylinesplit.com\/product\/krka-waterfalls-wanderers-day-tour-from-split-or-trogir\/\",\"name\":\"Krka Waterfalls Wanderers Day Tour from Split or Trogir - GrayLine\",\"isPartOf\":{\"@id\":\"https:\/\/graylinesplit.com\/#website\"},\"datePublished\":\"2021-06-02T07:52:22+00:00\",\"dateModified\":\"2026-02-27T12:29:34+00:00\",\"breadcrumb\":{\"@id\":\"https:\/\/graylinesplit.com\/product\/krka-waterfalls-wanderers-day-tour-from-split-or-trogir\/#breadcrumb\"},\"inLanguage\":\"hr\",\"potentialAction\":[{\"@type\":\"ReadAction\",\"target\":[\"https:\/\/graylinesplit.com\/product\/krka-waterfalls-wanderers-day-tour-from-split-or-trogir\/\"]}]},{\"@type\":\"BreadcrumbList\",\"@id\":\"https:\/\/graylinesplit.com\/product\/krka-waterfalls-wanderers-day-tour-from-split-or-trogir\/#breadcrumb\",\"itemListElement\":[{\"@type\":\"ListItem\",\"position\":1,\"name\":\"Home\",\"item\":\"https:\/\/graylinesplit.com\/\"},{\"@type\":\"ListItem\",\"position\":2,\"name\":\"Products\",\"item\":\"https:\/\/graylinesplit.com\/shop\/\"},{\"@type\":\"ListItem\",\"position\":3,\"name\":\"Krka Waterfalls Wanderers Day Tour from Split or Trogir\"}]},{\"@type\":\"WebSite\",\"@id\":\"https:\/\/graylinesplit.com\/#website\",\"url\":\"https:\/\/graylinesplit.com\/\",\"name\":\"GrayLine\",\"description\":\"Travel Agency\",\"potentialAction\":[{\"@type\":\"SearchAction\",\"target\":{\"@type\":\"EntryPoint\",\"urlTemplate\":\"https:\/\/graylinesplit.com\/?s={search_term_string}\"},\"query-input\":\"required name=search_term_string\"}],\"inLanguage\":\"hr\"}]}<\/script>\n<!-- \/ Yoast SEO plugin. -->","yoast_head_json":{"title":"Dnevni izlet za ljubitelje slapova Krke iz Splita ili Trogira - GrayLine","robots":{"index":"index","follow":"follow","max-snippet":"max-snippet:-1","max-image-preview":"max-image-preview:large","max-video-preview":"max-video-preview:-1"},"canonical":"https:\/\/graylinesplit.com\/hr\/proizvod\/krka-waterfalls-wanderers-day-tour-from-split-or-trogir\/","og_locale":"hr_HR","og_type":"article","og_title":"Krka Waterfalls Wanderers Day Tour from Split or Trogir - GrayLine","og_description":"WHY YOU SHOULD GO: A must-see destination in Croatia    Highlights DEPARTURE: Split Gray Line office 8:00 AM \/ Trogir Gray Line office 8:30 AM  7:45 Tour briefing and ticket check at the Grayline office in Split  8:00 - 09:30 Drive from Split to Krka NP, entrance Lozovac  10:30 - 13:00 Visiting Skradinski Buk (free time)  13:00-13:30 Boat ride down the Krka River canyon  13:30-15:00 Free time for swimming and relaxing  15:00-16:00 Food and wine stop at the local family agrotourism (optional)  17:00 Return to Trogir  17:30 Return to Split  &nbsp;   Excellent value for money  Discover the natural beauties of Skradinski Buk in the famous Krka National Park  Learn about the conservation and value of water, plants, and animals in Croatia  Relax in Skradinski Buk while walking around the cascades  Make the most of your visit during the summertime and take a swim    Inclusions   Transportation  Licensed English-speaking tour escort  boat ride in the park  insurance  VAT    Exclusions   \u2022 Entrance fee for the NP Krka Waterfalls (you must pay extra cash in EUR to pay the entrance fee when you arrive to do the check-in at Grayline's office) *Adult: 30\u20ac per person. *Student and Children (7-18): 15\u20ac per person. *Child (under 7) Free  Wine tasting    Please Note   Comfortable walking shoes are recommended  Lunch is available in a local restaurant (15\u20ac per person)","og_url":"https:\/\/graylinesplit.com\/hr\/proizvod\/krka-waterfalls-wanderers-day-tour-from-split-or-trogir\/","og_site_name":"GrayLine","article_modified_time":"2026-02-27T12:29:34+00:00","og_image":[{"width":1920,"height":1080,"url":"https:\/\/graylinesplit.com\/wp-content\/uploads\/2018\/05\/KRKA-1920x1080-02.jpg","type":"image\/jpeg"}],"twitter_card":"summary_large_image","twitter_misc":{"Procijenjeno vrijeme \u010ditanja":"3 minute"},"schema":{"@context":"https:\/\/schema.org","@graph":[{"@type":"WebPage","@id":"https:\/\/graylinesplit.com\/product\/krka-waterfalls-wanderers-day-tour-from-split-or-trogir\/","url":"https:\/\/graylinesplit.com\/product\/krka-waterfalls-wanderers-day-tour-from-split-or-trogir\/","name":"Dnevni izlet za ljubitelje slapova Krke iz Splita ili Trogira - GrayLine","isPartOf":{"@id":"https:\/\/graylinesplit.com\/#website"},"datePublished":"2021-06-02T07:52:22+00:00","dateModified":"2026-02-27T12:29:34+00:00","breadcrumb":{"@id":"https:\/\/graylinesplit.com\/product\/krka-waterfalls-wanderers-day-tour-from-split-or-trogir\/#breadcrumb"},"inLanguage":"hr","potentialAction":[{"@type":"ReadAction","target":["https:\/\/graylinesplit.com\/product\/krka-waterfalls-wanderers-day-tour-from-split-or-trogir\/"]}]},{"@type":"BreadcrumbList","@id":"https:\/\/graylinesplit.com\/product\/krka-waterfalls-wanderers-day-tour-from-split-or-trogir\/#breadcrumb","itemListElement":[{"@type":"ListItem","position":1,"name":"Home","item":"https:\/\/graylinesplit.com\/"},{"@type":"ListItem","position":2,"name":"Products","item":"https:\/\/graylinesplit.com\/shop\/"},{"@type":"ListItem","position":3,"name":"Krka Waterfalls Wanderers Day Tour from Split or Trogir"}]},{"@type":"WebSite","@id":"https:\/\/graylinesplit.com\/#website","url":"https:\/\/graylinesplit.com\/","name":"Gray Line","description":"Turisti\u010dka agencija","potentialAction":[{"@type":"SearchAction","target":{"@type":"EntryPoint","urlTemplate":"https:\/\/graylinesplit.com\/?s={search_term_string}"},"query-input":"required name=search_term_string"}],"inLanguage":"hr"}]}},"_links":{"self":[{"href":"https:\/\/graylinesplit.com\/hr\/wp-json\/wp\/v2\/product\/1335"}],"collection":[{"href":"https:\/\/graylinesplit.com\/hr\/wp-json\/wp\/v2\/product"}],"about":[{"href":"https:\/\/graylinesplit.com\/hr\/wp-json\/wp\/v2\/types\/product"}],"replies":[{"embeddable":true,"href":"https:\/\/graylinesplit.com\/hr\/wp-json\/wp\/v2\/comments?post=1335"}],"wp:featuredmedia":[{"embeddable":true,"href":"https:\/\/graylinesplit.com\/hr\/wp-json\/wp\/v2\/media\/375"}],"wp:attachment":[{"href":"https:\/\/graylinesplit.com\/hr\/wp-json\/wp\/v2\/media?parent=1335"}],"wp:term":[{"taxonomy":"product_cat","embeddable":true,"href":"https:\/\/graylinesplit.com\/hr\/wp-json\/wp\/v2\/product_cat?post=1335"},{"taxonomy":"product_tag","embeddable":true,"href":"https:\/\/graylinesplit.com\/hr\/wp-json\/wp\/v2\/product_tag?post=1335"}],"curies":[{"name":"wp","href":"https:\/\/api.w.org\/{rel}","templated":true}]}}