{"id":1339,"date":"2023-01-01T08:43:32","date_gmt":"2023-01-01T06:43:32","guid":{"rendered":"https:\/\/graylinesplit.com\/?post_type=product&#038;p=1339"},"modified":"2026-04-14T12:30:42","modified_gmt":"2026-04-14T10:30:42","slug":"blue-lagoon-3-islands-full-day-tour-with-lunch-included","status":"publish","type":"product","link":"https:\/\/graylinesplit.com\/hr\/proizvod\/blue-lagoon-3-islands-full-day-tour-with-lunch-included\/","title":{"rendered":"Split: Plava laguna, brodolom i krstarenje \u0160oltom uz ru\u010dak i neograni\u010deno pi\u0107e"},"content":{"rendered":"<h5>Plan puta<\/h5>\n<p>Budu\u0107i da vas na\u0161e stru\u010dno osoblje srda\u010dno do\u010dekuje i dobivate sve informacije o danu koji smo isplanirali za vas, mo\u017eemo zapo\u010deti sa stvaranjem uspomena odlaskom iz Splita na opu\u0161taju\u0107i dan na vodi.<\/p>\n<p>U\u017eivajte u prekrasnom dalmatinskom suncu, svje\u017eem zraku na Jadranskom moru, doma\u0107im okusima i ljetnim vibracijama na na\u0161em brodu.<\/p>\n<p>Na\u0161e prvo odredi\u0161te tog dana je duboki i savr\u0161eno za\u0161ti\u0107eni zaljev Ne\u010dujam na \u201czelenom otoku\u201d \u0160olte. Sko\u010dite u mirnu vodu, plivajte i ronite oko potopljenog broda ili u\u017eivajte u krajoliku oko sebe i ne radite ni\u0161ta.<\/p>\n<p>Na\u0161e drugodnevno zaustavljanje je na isto\u010dnoj strani otoka Veli Drvenik. To je Plava laguna. Priroda je ovdje stvorila ne\u0161to posebno. Odsjaj sunca bijelog pje\u0161\u010danog dna \u010dini boje i nijanse plave i zelene koje \u0107ete dugo pamtiti. Ovdje ima dovoljno vremena za ru\u010dak na brodu (uklju\u010den) i nakon toga za kupanje u vodi ili dobivanje one dalmatinske boje.<\/p>\n<p>I posljednje, ali ne i najmanje va\u017eno je na\u0161e zaustavljanje u uvali Duga (otok \u010ciovo). Jo\u0161 jedna uvala s netaknutom i kristalno \u010distom vodom. U\u017eivajte na pla\u017ei ili ostanite na brodu. Na vama je da odlu\u010dite.<\/p>\n<p>Savr\u0161en zavr\u0161etak na\u0161eg zajedni\u010dkog dana bit \u0107e prekrasno krstarenje ju\u017enom stranom otoka \u010ciova na povratku u Split.<\/p>\n<p>PS Pazite na neke dupine vi\u0111ene u ovom podru\u010dju tijekom na\u0161ih vo\u017enji brodom. Nadamo se da \u0107e to biti va\u0161 sretan dan.<\/p>\n<h5>Mjesto preuzimanja<\/h5>\n<p>Luka Split<\/p>\n<h5>Upute za otkup<\/h5>\n<p>graylinecro@gmail.com \u2013 00385 91 240 0800 \u2013 Molimo dostavite ispisani primjerak svog vouchera prilikom prijave.<\/p>\n<p>Molimo vas da krenete na mjesto polaska 30 minuta prije po\u010detka obilaska.<\/p>\n<h5>TO\u010cKA SUSRETA:<\/h5>\n<p><strong style=\"color: #fab31e;\">PODJELA<\/strong>: Tura polazi iz luke Split: Ul. Svetog Nikole, 21000, Split<br \/>\nVrijeme polaska: 09:00 (napominjemo da moramo po\u0161tovati vremensku liniju luke i prenijeti to\u010dno vrijeme)<br \/>\nVrijeme prijave: 8:30 (molimo vas da budete na mjestu okupljanja pola sata prije polaska)<br \/>\ngraylinecro@gmail.com \u2013 00385 91 140 0800 \u2013 Molimo pripremite svoj voucher (digitalni ili tiskani primjerak) prilikom prijave.<br \/>\nPrepoznat \u0107ete znak Gray Line i na\u0161e djelatnike u majicama s istim znakom.<\/p>\n<p>Obavezno\u00a0<strong>prijava karata<\/strong> je 30<strong> minuta prije vremena polaska,<\/strong> stoga vas molimo da budete na mjestu sastanka na vrijeme za prijavu karata.<\/p>\n<p>Za sve dodatne informacije ili detaljne upute nazovite +385 91 240 0800<\/p>\n<h5>Ruta:<\/h5>\n<p>Split \u2013 uvala Ne\u010dujam \u2013 Plava laguna \u2013 uvala Duga (otok \u010ciovo) \u2013 Split<\/p>\n<h5>Tjedni raspored:<\/h5>\n<p>1. lipnja \u2013 15. rujna: DNEVNO<\/p>\n<p><img loading=\"lazy\" class=\"alignnone wp-image-1463 size-medium\" src=\"https:\/\/graylinesplit.com\/wp-content\/uploads\/2019\/02\/BlueLagoon-BURA-06-300x200.jpg\" alt=\"\" width=\"300\" height=\"200\" srcset=\"https:\/\/graylinesplit.com\/wp-content\/uploads\/2019\/02\/BlueLagoon-BURA-06-300x200.jpg 300w, https:\/\/graylinesplit.com\/wp-content\/uploads\/2019\/02\/BlueLagoon-BURA-06-scaled-600x400.jpg 600w, https:\/\/graylinesplit.com\/wp-content\/uploads\/2019\/02\/BlueLagoon-BURA-06-1024x683.jpg 1024w, https:\/\/graylinesplit.com\/wp-content\/uploads\/2019\/02\/BlueLagoon-BURA-06-768x512.jpg 768w, https:\/\/graylinesplit.com\/wp-content\/uploads\/2019\/02\/BlueLagoon-BURA-06-1536x1024.jpg 1536w, https:\/\/graylinesplit.com\/wp-content\/uploads\/2019\/02\/BlueLagoon-BURA-06-2048x1365.jpg 2048w, https:\/\/graylinesplit.com\/wp-content\/uploads\/2019\/02\/BlueLagoon-BURA-06-460x307.jpg 460w\" sizes=\"(max-width: 300px) 100vw, 300px\" \/><\/p>\n<h5 class=\"reviews-title\">Recenzije web stranica<\/h5>","protected":false},"excerpt":{"rendered":"<h5>WHY YOU SHOULD GO:<\/h5>\n<p>The Blue Lagoon is the highlight of the tour known for its crystal clear turquoise sea.<\/p>\n<p><img loading=\"lazy\" class=\"alignnone wp-image-1473 size-large\" src=\"https:\/\/graylinesplit.com\/wp-content\/uploads\/2019\/02\/BlueLagoon-BURA-04-1024x683.jpg\" alt=\"\" width=\"1024\" height=\"683\" srcset=\"https:\/\/graylinesplit.com\/wp-content\/uploads\/2019\/02\/BlueLagoon-BURA-04-1024x683.jpg 1024w, https:\/\/graylinesplit.com\/wp-content\/uploads\/2019\/02\/BlueLagoon-BURA-04-scaled-600x400.jpg 600w, https:\/\/graylinesplit.com\/wp-content\/uploads\/2019\/02\/BlueLagoon-BURA-04-300x200.jpg 300w, https:\/\/graylinesplit.com\/wp-content\/uploads\/2019\/02\/BlueLagoon-BURA-04-768x512.jpg 768w, https:\/\/graylinesplit.com\/wp-content\/uploads\/2019\/02\/BlueLagoon-BURA-04-1536x1024.jpg 1536w, https:\/\/graylinesplit.com\/wp-content\/uploads\/2019\/02\/BlueLagoon-BURA-04-2048x1365.jpg 2048w, https:\/\/graylinesplit.com\/wp-content\/uploads\/2019\/02\/BlueLagoon-BURA-04-460x307.jpg 460w\" sizes=\"(max-width: 1024px) 100vw, 1024px\" \/><\/p>\n[rl_gallery id=\"344\"]\n<p>&nbsp;<\/p>\n<div class=\"ul-style check\">\n<h5>Itinerary:<\/h5>\n<p><strong>DEPARTURE:<\/strong> Split Port: Ul. Svetog Nikole, 21000, Split<\/p>\n<p>8:30 Tour briefing and ticket check at the Grayline office in Split<\/p>\n<p>9:00 \u2013 10:00 Cruise from Split to Solta Island, place Necujam<\/p>\n<p>10:00 &#8211; 11:00 Free time for snorkeling above the sunk boat in Necujam<\/p>\n<p>12:00 \u2013 14:00 Blue Lagoon &#8211; time for lunch, swimming, and snorkeling<\/p>\n<p>14:30 &#8211; 16:00 Duga bay (free time for coffee at Labadusa beach bar)<\/p>\n<p>17:00 Return to Split<\/p>\n<h5>Highlights:<\/h5>\n<ul>\n<li>Three sites in one tour guarantee excellent value for money<\/li>\n<li>Lunch and unlimited Drinks (at 13:00 PM: beef, tuna, or veggie burger and wine (from 1 pm), juice &amp; water)<\/li>\n<li>Swimming in crystal clear sea<\/li>\n<li>Discover the amazing Blue Lagoon<\/li>\n<li>Snorkeling above the sunk boat<\/li>\n<li>Spacious, sun-covered boat perfect for island hopping<\/li>\n<li>Snorkeling equipment included<\/li>\n<li>Experienced captain and crew<\/li>\n<\/ul>\n<\/div>\n<h5>Included:<\/h5>\n<p>lunch (meat\/ fish\/vegetarian menu \u2013 you will select one menu right after your booking), drink with lunch, English-speaking captain and crew, transportation with a comfortable boat, snorkeling equipment, insurance, VAT<\/p>\n<h5>Additional:<\/h5>\n<p>Bar available on the boat to buy drinks, snacks, and ice cream (cash only).<\/p>\n<h5>Please Note:<\/h5>\n<p>Don\u2019t forget your swimsuit, sun hat, towel and camera.<\/p>\n","protected":false},"featured_media":1464,"comment_status":"open","ping_status":"closed","template":"","meta":[],"product_cat":[28],"product_tag":[40,41],"yoast_head":"<!-- This site is optimized with the Yoast SEO plugin v20.6 - https:\/\/yoast.com\/wordpress\/plugins\/seo\/ -->\n<title>Split: Blue Lagoon, Shipwreck &amp; \u0160olta cruise with lunch &amp; unlimited drinks - GrayLine<\/title>\n<meta name=\"robots\" content=\"index, follow, max-snippet:-1, max-image-preview:large, max-video-preview:-1\" \/>\n<link rel=\"canonical\" href=\"https:\/\/graylinesplit.com\/hr\/proizvod\/blue-lagoon-3-islands-full-day-tour-with-lunch-included\/\" \/>\n<meta property=\"og:locale\" content=\"hr_HR\" \/>\n<meta property=\"og:type\" content=\"article\" \/>\n<meta property=\"og:title\" content=\"Split: Blue Lagoon, Shipwreck &amp; \u0160olta cruise with lunch &amp; unlimited drinks - GrayLine\" \/>\n<meta property=\"og:description\" content=\"WHY YOU SHOULD GO: The Blue Lagoon is the highlight of the tour known for its crystal clear turquoise sea.      &nbsp;  Itinerary: DEPARTURE: Split Port: Ul. Svetog Nikole, 21000, Split  8:30 Tour briefing and ticket check at the Grayline office in Split  9:00 \u2013 10:00 Cruise from Split to Solta Island, place Necujam  10:00 - 11:00 Free time for snorkeling above the sunk boat in Necujam  12:00 \u2013 14:00 Blue Lagoon - time for lunch, swimming, and snorkeling  14:30 - 16:00 Duga bay (free time for coffee at Labadusa beach bar)  17:00 Return to Split Highlights:   Three sites in one tour guarantee excellent value for money  Lunch and unlimited Drinks (at 13:00 PM: beef, tuna, or veggie burger and wine (from 1 pm), juice &amp; water)  Swimming in crystal clear sea  Discover the amazing Blue Lagoon  Snorkeling above the sunk boat  Spacious, sun-covered boat perfect for island hopping  Snorkeling equipment included  Experienced captain and crew   Included: lunch (meat\/ fish\/vegetarian menu \u2013 you will select one menu right after your booking), drink with lunch, English-speaking captain and crew, transportation with a comfortable boat, snorkeling equipment, insurance, VAT Additional: Bar available on the boat to buy drinks, snacks, and ice cream (cash only). Please Note: Don\u2019t forget your swimsuit, sun hat, towel and camera.\" \/>\n<meta property=\"og:url\" content=\"https:\/\/graylinesplit.com\/hr\/proizvod\/blue-lagoon-3-islands-full-day-tour-with-lunch-included\/\" \/>\n<meta property=\"og:site_name\" content=\"GrayLine\" \/>\n<meta property=\"article:modified_time\" content=\"2026-04-14T10:30:42+00:00\" \/>\n<meta property=\"og:image\" content=\"https:\/\/graylinesplit.com\/wp-content\/uploads\/2019\/02\/BlueLagoon-BURA-07-scaled.jpg\" \/>\n\t<meta property=\"og:image:width\" content=\"2560\" \/>\n\t<meta property=\"og:image:height\" content=\"1707\" \/>\n\t<meta property=\"og:image:type\" content=\"image\/jpeg\" \/>\n<meta name=\"twitter:card\" content=\"summary_large_image\" \/>\n<meta name=\"twitter:label1\" content=\"Procijenjeno vrijeme \u010ditanja\" \/>\n\t<meta name=\"twitter:data1\" content=\"3 minute\" \/>\n<script type=\"application\/ld+json\" class=\"yoast-schema-graph\">{\"@context\":\"https:\/\/schema.org\",\"@graph\":[{\"@type\":\"WebPage\",\"@id\":\"https:\/\/graylinesplit.com\/product\/blue-lagoon-3-islands-full-day-tour-with-lunch-included\/\",\"url\":\"https:\/\/graylinesplit.com\/product\/blue-lagoon-3-islands-full-day-tour-with-lunch-included\/\",\"name\":\"Split: Blue Lagoon, Shipwreck & \u0160olta cruise with lunch & unlimited drinks - GrayLine\",\"isPartOf\":{\"@id\":\"https:\/\/graylinesplit.com\/#website\"},\"datePublished\":\"2023-01-01T06:43:32+00:00\",\"dateModified\":\"2026-04-14T10:30:42+00:00\",\"breadcrumb\":{\"@id\":\"https:\/\/graylinesplit.com\/product\/blue-lagoon-3-islands-full-day-tour-with-lunch-included\/#breadcrumb\"},\"inLanguage\":\"hr\",\"potentialAction\":[{\"@type\":\"ReadAction\",\"target\":[\"https:\/\/graylinesplit.com\/product\/blue-lagoon-3-islands-full-day-tour-with-lunch-included\/\"]}]},{\"@type\":\"BreadcrumbList\",\"@id\":\"https:\/\/graylinesplit.com\/product\/blue-lagoon-3-islands-full-day-tour-with-lunch-included\/#breadcrumb\",\"itemListElement\":[{\"@type\":\"ListItem\",\"position\":1,\"name\":\"Home\",\"item\":\"https:\/\/graylinesplit.com\/\"},{\"@type\":\"ListItem\",\"position\":2,\"name\":\"Products\",\"item\":\"https:\/\/graylinesplit.com\/shop\/\"},{\"@type\":\"ListItem\",\"position\":3,\"name\":\"Split: Blue Lagoon, Shipwreck &#038; \u0160olta cruise with lunch &#038; unlimited drinks\"}]},{\"@type\":\"WebSite\",\"@id\":\"https:\/\/graylinesplit.com\/#website\",\"url\":\"https:\/\/graylinesplit.com\/\",\"name\":\"GrayLine\",\"description\":\"Travel Agency\",\"potentialAction\":[{\"@type\":\"SearchAction\",\"target\":{\"@type\":\"EntryPoint\",\"urlTemplate\":\"https:\/\/graylinesplit.com\/?s={search_term_string}\"},\"query-input\":\"required name=search_term_string\"}],\"inLanguage\":\"hr\"}]}<\/script>\n<!-- \/ Yoast SEO plugin. -->","yoast_head_json":{"title":"Split: Plava laguna, brodolom i krstarenje \u0160oltom s ru\u010dkom i neograni\u010denim pi\u0107ima - GrayLine","robots":{"index":"index","follow":"follow","max-snippet":"max-snippet:-1","max-image-preview":"max-image-preview:large","max-video-preview":"max-video-preview:-1"},"canonical":"https:\/\/graylinesplit.com\/hr\/proizvod\/blue-lagoon-3-islands-full-day-tour-with-lunch-included\/","og_locale":"hr_HR","og_type":"article","og_title":"Split: Blue Lagoon, Shipwreck & \u0160olta cruise with lunch & unlimited drinks - GrayLine","og_description":"WHY YOU SHOULD GO: The Blue Lagoon is the highlight of the tour known for its crystal clear turquoise sea.      &nbsp;  Itinerary: DEPARTURE: Split Port: Ul. Svetog Nikole, 21000, Split  8:30 Tour briefing and ticket check at the Grayline office in Split  9:00 \u2013 10:00 Cruise from Split to Solta Island, place Necujam  10:00 - 11:00 Free time for snorkeling above the sunk boat in Necujam  12:00 \u2013 14:00 Blue Lagoon - time for lunch, swimming, and snorkeling  14:30 - 16:00 Duga bay (free time for coffee at Labadusa beach bar)  17:00 Return to Split Highlights:   Three sites in one tour guarantee excellent value for money  Lunch and unlimited Drinks (at 13:00 PM: beef, tuna, or veggie burger and wine (from 1 pm), juice &amp; water)  Swimming in crystal clear sea  Discover the amazing Blue Lagoon  Snorkeling above the sunk boat  Spacious, sun-covered boat perfect for island hopping  Snorkeling equipment included  Experienced captain and crew   Included: lunch (meat\/ fish\/vegetarian menu \u2013 you will select one menu right after your booking), drink with lunch, English-speaking captain and crew, transportation with a comfortable boat, snorkeling equipment, insurance, VAT Additional: Bar available on the boat to buy drinks, snacks, and ice cream (cash only). Please Note: Don\u2019t forget your swimsuit, sun hat, towel and camera.","og_url":"https:\/\/graylinesplit.com\/hr\/proizvod\/blue-lagoon-3-islands-full-day-tour-with-lunch-included\/","og_site_name":"GrayLine","article_modified_time":"2026-04-14T10:30:42+00:00","og_image":[{"width":2560,"height":1707,"url":"https:\/\/graylinesplit.com\/wp-content\/uploads\/2019\/02\/BlueLagoon-BURA-07-scaled.jpg","type":"image\/jpeg"}],"twitter_card":"summary_large_image","twitter_misc":{"Procijenjeno vrijeme \u010ditanja":"3 minute"},"schema":{"@context":"https:\/\/schema.org","@graph":[{"@type":"WebPage","@id":"https:\/\/graylinesplit.com\/product\/blue-lagoon-3-islands-full-day-tour-with-lunch-included\/","url":"https:\/\/graylinesplit.com\/product\/blue-lagoon-3-islands-full-day-tour-with-lunch-included\/","name":"Split: Plava laguna, brodolom i krstarenje \u0160oltom s ru\u010dkom i neograni\u010denim pi\u0107ima - GrayLine","isPartOf":{"@id":"https:\/\/graylinesplit.com\/#website"},"datePublished":"2023-01-01T06:43:32+00:00","dateModified":"2026-04-14T10:30:42+00:00","breadcrumb":{"@id":"https:\/\/graylinesplit.com\/product\/blue-lagoon-3-islands-full-day-tour-with-lunch-included\/#breadcrumb"},"inLanguage":"hr","potentialAction":[{"@type":"ReadAction","target":["https:\/\/graylinesplit.com\/product\/blue-lagoon-3-islands-full-day-tour-with-lunch-included\/"]}]},{"@type":"BreadcrumbList","@id":"https:\/\/graylinesplit.com\/product\/blue-lagoon-3-islands-full-day-tour-with-lunch-included\/#breadcrumb","itemListElement":[{"@type":"ListItem","position":1,"name":"Home","item":"https:\/\/graylinesplit.com\/"},{"@type":"ListItem","position":2,"name":"Products","item":"https:\/\/graylinesplit.com\/shop\/"},{"@type":"ListItem","position":3,"name":"Split: Blue Lagoon, Shipwreck &#038; \u0160olta cruise with lunch &#038; unlimited drinks"}]},{"@type":"WebSite","@id":"https:\/\/graylinesplit.com\/#website","url":"https:\/\/graylinesplit.com\/","name":"Gray Line","description":"Turisti\u010dka agencija","potentialAction":[{"@type":"SearchAction","target":{"@type":"EntryPoint","urlTemplate":"https:\/\/graylinesplit.com\/?s={search_term_string}"},"query-input":"required name=search_term_string"}],"inLanguage":"hr"}]}},"_links":{"self":[{"href":"https:\/\/graylinesplit.com\/hr\/wp-json\/wp\/v2\/product\/1339"}],"collection":[{"href":"https:\/\/graylinesplit.com\/hr\/wp-json\/wp\/v2\/product"}],"about":[{"href":"https:\/\/graylinesplit.com\/hr\/wp-json\/wp\/v2\/types\/product"}],"replies":[{"embeddable":true,"href":"https:\/\/graylinesplit.com\/hr\/wp-json\/wp\/v2\/comments?post=1339"}],"wp:featuredmedia":[{"embeddable":true,"href":"https:\/\/graylinesplit.com\/hr\/wp-json\/wp\/v2\/media\/1464"}],"wp:attachment":[{"href":"https:\/\/graylinesplit.com\/hr\/wp-json\/wp\/v2\/media?parent=1339"}],"wp:term":[{"taxonomy":"product_cat","embeddable":true,"href":"https:\/\/graylinesplit.com\/hr\/wp-json\/wp\/v2\/product_cat?post=1339"},{"taxonomy":"product_tag","embeddable":true,"href":"https:\/\/graylinesplit.com\/hr\/wp-json\/wp\/v2\/product_tag?post=1339"}],"curies":[{"name":"wp","href":"https:\/\/api.w.org\/{rel}","templated":true}]}}