{"id":5000,"date":"2023-02-28T16:21:49","date_gmt":"2023-02-28T14:21:49","guid":{"rendered":"https:\/\/graylinesplit.com\/?post_type=product&#038;p=5000"},"modified":"2024-11-10T20:27:40","modified_gmt":"2024-11-10T18:27:40","slug":"private-blue-lagoon-tour-with-cobalt-30-speedboat-gray-line-croatia","status":"publish","type":"product","link":"https:\/\/graylinesplit.com\/hr\/proizvod\/private-blue-lagoon-tour-with-cobalt-30-speedboat-gray-line-croatia\/","title":{"rendered":"Privatni obilazak Plave lagune gliserom Cobalt 30 | Siva linija Hrvatska"},"content":{"rendered":"<p>Ova potpuno personalizirana tura brodom odvest \u0107e vas do svih onih skrivenih mjesta na jadranskoj obali o kojima ste oduvijek sanjali. Zapo\u010dnite dan \u0161etnjom ljupkim ulicama Trogira. Svjedo\u010dite originalnosti i veli\u010danstvenosti Plave lagune. Zavr\u0161ite dan istra\u017eivanjem bogatog podmorja na otoku \u0160olti. Ovo je savr\u0161ena prilika za one koji su jo\u0161 uvijek prestravljeni situacijom s virusom Covid-19. Rezervirajte privatno putovanje po posebnoj cijeni ove sezone, posjetite prekrasna mjesta sa svojom rodbinom i prijateljima i osje\u0107ajte se sigurno s nama<\/p>","protected":false},"excerpt":{"rendered":"<p><img loading=\"lazy\" class=\"alignnone size-medium wp-image-1785\" src=\"https:\/\/graylinesplit.com\/wp-content\/uploads\/2022\/06\/gray-240x300.jpg\" alt=\"\" width=\"240\" height=\"300\" srcset=\"https:\/\/graylinesplit.com\/wp-content\/uploads\/2022\/06\/gray-240x300.jpg 240w, https:\/\/graylinesplit.com\/wp-content\/uploads\/2022\/06\/gray-600x750.jpg 600w, https:\/\/graylinesplit.com\/wp-content\/uploads\/2022\/06\/gray-10x12.jpg 10w, https:\/\/graylinesplit.com\/wp-content\/uploads\/2022\/06\/gray.jpg 687w\" sizes=\"(max-width: 240px) 100vw, 240px\" \/> <img loading=\"lazy\" class=\"alignnone size-medium wp-image-1784\" src=\"https:\/\/graylinesplit.com\/wp-content\/uploads\/2022\/06\/large-300x200.jpg\" alt=\"\" width=\"300\" height=\"200\" srcset=\"https:\/\/graylinesplit.com\/wp-content\/uploads\/2022\/06\/large-300x200.jpg 300w, https:\/\/graylinesplit.com\/wp-content\/uploads\/2022\/06\/large-600x400.jpg 600w, https:\/\/graylinesplit.com\/wp-content\/uploads\/2022\/06\/large-1024x683.jpg 1024w, https:\/\/graylinesplit.com\/wp-content\/uploads\/2022\/06\/large-768x512.jpg 768w, https:\/\/graylinesplit.com\/wp-content\/uploads\/2022\/06\/large-18x12.jpg 18w, https:\/\/graylinesplit.com\/wp-content\/uploads\/2022\/06\/large-460x307.jpg 460w, https:\/\/graylinesplit.com\/wp-content\/uploads\/2022\/06\/large.jpg 1500w\" sizes=\"(max-width: 300px) 100vw, 300px\" \/> <img loading=\"lazy\" class=\"alignnone size-medium wp-image-1393\" src=\"https:\/\/graylinesplit.com\/wp-content\/uploads\/2021\/06\/Mercan1-300x225.jpeg\" alt=\"\" width=\"300\" height=\"225\" srcset=\"https:\/\/graylinesplit.com\/wp-content\/uploads\/2021\/06\/Mercan1-300x225.jpeg 300w, https:\/\/graylinesplit.com\/wp-content\/uploads\/2021\/06\/Mercan1-600x450.jpeg 600w, https:\/\/graylinesplit.com\/wp-content\/uploads\/2021\/06\/Mercan1-1024x768.jpeg 1024w, https:\/\/graylinesplit.com\/wp-content\/uploads\/2021\/06\/Mercan1-768x576.jpeg 768w, https:\/\/graylinesplit.com\/wp-content\/uploads\/2021\/06\/Mercan1-1536x1152.jpeg 1536w, https:\/\/graylinesplit.com\/wp-content\/uploads\/2021\/06\/Mercan1-204x153.jpeg 204w, https:\/\/graylinesplit.com\/wp-content\/uploads\/2021\/06\/Mercan1.jpeg 1600w\" sizes=\"(max-width: 300px) 100vw, 300px\" \/> <img loading=\"lazy\" class=\"alignnone size-medium wp-image-1395\" src=\"https:\/\/graylinesplit.com\/wp-content\/uploads\/2021\/06\/WhatsApp-Image-2020-09-08-at-13.26.29-1-300x225.jpeg\" alt=\"\" width=\"300\" height=\"225\" srcset=\"https:\/\/graylinesplit.com\/wp-content\/uploads\/2021\/06\/WhatsApp-Image-2020-09-08-at-13.26.29-1-300x225.jpeg 300w, https:\/\/graylinesplit.com\/wp-content\/uploads\/2021\/06\/WhatsApp-Image-2020-09-08-at-13.26.29-1-600x450.jpeg 600w, https:\/\/graylinesplit.com\/wp-content\/uploads\/2021\/06\/WhatsApp-Image-2020-09-08-at-13.26.29-1-1024x768.jpeg 1024w, https:\/\/graylinesplit.com\/wp-content\/uploads\/2021\/06\/WhatsApp-Image-2020-09-08-at-13.26.29-1-768x576.jpeg 768w, https:\/\/graylinesplit.com\/wp-content\/uploads\/2021\/06\/WhatsApp-Image-2020-09-08-at-13.26.29-1-1536x1152.jpeg 1536w, https:\/\/graylinesplit.com\/wp-content\/uploads\/2021\/06\/WhatsApp-Image-2020-09-08-at-13.26.29-1-204x153.jpeg 204w, https:\/\/graylinesplit.com\/wp-content\/uploads\/2021\/06\/WhatsApp-Image-2020-09-08-at-13.26.29-1.jpeg 1600w\" sizes=\"(max-width: 300px) 100vw, 300px\" \/><\/p>","protected":false},"featured_media":5001,"comment_status":"open","ping_status":"closed","template":"","meta":[],"product_cat":[29],"product_tag":[],"yoast_head":"<!-- This site is optimized with the Yoast SEO plugin v20.6 - https:\/\/yoast.com\/wordpress\/plugins\/seo\/ -->\n<title>Private Blue Lagoon Tour with Cobalt 30 Speedboat | Gray Line Croatia - GrayLine<\/title>\n<meta name=\"description\" content=\"This completely personalized boat tour will take you to all those hidden places on the Adriatic coast that you&#039;ve always dreamed about. Start your day with a stroll through the quaint streets of Trogir. Witness the originality and magnificence of the Blue Lagoon. Sign off your day with exploring a thriving underwater world on Solta island. This is a perfect opportunity for those who are still terrified by Covid-19 virus situation. Book a private tour for a special price this season, visit beautiful places with your relatives and friends and feel safe with us\" \/>\n<meta name=\"robots\" content=\"index, follow, max-snippet:-1, max-image-preview:large, max-video-preview:-1\" \/>\n<link rel=\"canonical\" href=\"https:\/\/graylinesplit.com\/hr\/proizvod\/private-blue-lagoon-tour-with-cobalt-30-speedboat-gray-line-croatia\/\" \/>\n<meta property=\"og:locale\" content=\"hr_HR\" \/>\n<meta property=\"og:type\" content=\"article\" \/>\n<meta property=\"og:title\" content=\"Private Blue Lagoon Tour with Cobalt 30 Speedboat | Gray Line Croatia - GrayLine\" \/>\n<meta property=\"og:description\" content=\"This completely personalized boat tour will take you to all those hidden places on the Adriatic coast that you&#039;ve always dreamed about. Start your day with a stroll through the quaint streets of Trogir. Witness the originality and magnificence of the Blue Lagoon. Sign off your day with exploring a thriving underwater world on Solta island. This is a perfect opportunity for those who are still terrified by Covid-19 virus situation. Book a private tour for a special price this season, visit beautiful places with your relatives and friends and feel safe with us\" \/>\n<meta property=\"og:url\" content=\"https:\/\/graylinesplit.com\/hr\/proizvod\/private-blue-lagoon-tour-with-cobalt-30-speedboat-gray-line-croatia\/\" \/>\n<meta property=\"og:site_name\" content=\"GrayLine\" \/>\n<meta property=\"article:modified_time\" content=\"2024-11-10T18:27:40+00:00\" \/>\n<meta property=\"og:image\" content=\"https:\/\/graylinesplit.com\/wp-content\/uploads\/2023\/02\/cave-7.jpg\" \/>\n\t<meta property=\"og:image:width\" content=\"1600\" \/>\n\t<meta property=\"og:image:height\" content=\"1200\" \/>\n\t<meta property=\"og:image:type\" content=\"image\/jpeg\" \/>\n<meta name=\"twitter:card\" content=\"summary_large_image\" \/>\n<meta name=\"twitter:label1\" content=\"Procijenjeno vrijeme \u010ditanja\" \/>\n\t<meta name=\"twitter:data1\" content=\"1 minuta\" \/>\n<script type=\"application\/ld+json\" class=\"yoast-schema-graph\">{\"@context\":\"https:\/\/schema.org\",\"@graph\":[{\"@type\":\"WebPage\",\"@id\":\"https:\/\/graylinesplit.com\/product\/private-blue-lagoon-tour-with-cobalt-30-speedboat-gray-line-croatia\/\",\"url\":\"https:\/\/graylinesplit.com\/product\/private-blue-lagoon-tour-with-cobalt-30-speedboat-gray-line-croatia\/\",\"name\":\"Private Blue Lagoon Tour with Cobalt 30 Speedboat | Gray Line Croatia - GrayLine\",\"isPartOf\":{\"@id\":\"https:\/\/graylinesplit.com\/#website\"},\"datePublished\":\"2023-02-28T14:21:49+00:00\",\"dateModified\":\"2024-11-10T18:27:40+00:00\",\"description\":\"This completely personalized boat tour will take you to all those hidden places on the Adriatic coast that you've always dreamed about. Start your day with a stroll through the quaint streets of Trogir. Witness the originality and magnificence of the Blue Lagoon. Sign off your day with exploring a thriving underwater world on Solta island. This is a perfect opportunity for those who are still terrified by Covid-19 virus situation. Book a private tour for a special price this season, visit beautiful places with your relatives and friends and feel safe with us\",\"breadcrumb\":{\"@id\":\"https:\/\/graylinesplit.com\/product\/private-blue-lagoon-tour-with-cobalt-30-speedboat-gray-line-croatia\/#breadcrumb\"},\"inLanguage\":\"hr\",\"potentialAction\":[{\"@type\":\"ReadAction\",\"target\":[\"https:\/\/graylinesplit.com\/product\/private-blue-lagoon-tour-with-cobalt-30-speedboat-gray-line-croatia\/\"]}]},{\"@type\":\"BreadcrumbList\",\"@id\":\"https:\/\/graylinesplit.com\/product\/private-blue-lagoon-tour-with-cobalt-30-speedboat-gray-line-croatia\/#breadcrumb\",\"itemListElement\":[{\"@type\":\"ListItem\",\"position\":1,\"name\":\"Home\",\"item\":\"https:\/\/graylinesplit.com\/\"},{\"@type\":\"ListItem\",\"position\":2,\"name\":\"Products\",\"item\":\"https:\/\/graylinesplit.com\/shop\/\"},{\"@type\":\"ListItem\",\"position\":3,\"name\":\"Private Blue Lagoon Tour with Cobalt 30 Speedboat | Gray Line Croatia\"}]},{\"@type\":\"WebSite\",\"@id\":\"https:\/\/graylinesplit.com\/#website\",\"url\":\"https:\/\/graylinesplit.com\/\",\"name\":\"GrayLine\",\"description\":\"Travel Agency\",\"potentialAction\":[{\"@type\":\"SearchAction\",\"target\":{\"@type\":\"EntryPoint\",\"urlTemplate\":\"https:\/\/graylinesplit.com\/?s={search_term_string}\"},\"query-input\":\"required name=search_term_string\"}],\"inLanguage\":\"hr\"}]}<\/script>\n<!-- \/ Yoast SEO plugin. -->","yoast_head_json":{"title":"Private Blue Lagoon Tour with Cobalt 30 Speedboat | Gray Line Croatia - GrayLine","description":"This completely personalized boat tour will take you to all those hidden places on the Adriatic coast that you've always dreamed about. Start your day with a stroll through the quaint streets of Trogir. Witness the originality and magnificence of the Blue Lagoon. Sign off your day with exploring a thriving underwater world on Solta island. This is a perfect opportunity for those who are still terrified by Covid-19 virus situation. Book a private tour for a special price this season, visit beautiful places with your relatives and friends and feel safe with us","robots":{"index":"index","follow":"follow","max-snippet":"max-snippet:-1","max-image-preview":"max-image-preview:large","max-video-preview":"max-video-preview:-1"},"canonical":"https:\/\/graylinesplit.com\/hr\/proizvod\/private-blue-lagoon-tour-with-cobalt-30-speedboat-gray-line-croatia\/","og_locale":"hr_HR","og_type":"article","og_title":"Private Blue Lagoon Tour with Cobalt 30 Speedboat | Gray Line Croatia - GrayLine","og_description":"This completely personalized boat tour will take you to all those hidden places on the Adriatic coast that you've always dreamed about. Start your day with a stroll through the quaint streets of Trogir. Witness the originality and magnificence of the Blue Lagoon. Sign off your day with exploring a thriving underwater world on Solta island. This is a perfect opportunity for those who are still terrified by Covid-19 virus situation. Book a private tour for a special price this season, visit beautiful places with your relatives and friends and feel safe with us","og_url":"https:\/\/graylinesplit.com\/hr\/proizvod\/private-blue-lagoon-tour-with-cobalt-30-speedboat-gray-line-croatia\/","og_site_name":"GrayLine","article_modified_time":"2024-11-10T18:27:40+00:00","og_image":[{"width":1600,"height":1200,"url":"https:\/\/graylinesplit.com\/wp-content\/uploads\/2023\/02\/cave-7.jpg","type":"image\/jpeg"}],"twitter_card":"summary_large_image","twitter_misc":{"Procijenjeno vrijeme \u010ditanja":"1 minuta"},"schema":{"@context":"https:\/\/schema.org","@graph":[{"@type":"WebPage","@id":"https:\/\/graylinesplit.com\/product\/private-blue-lagoon-tour-with-cobalt-30-speedboat-gray-line-croatia\/","url":"https:\/\/graylinesplit.com\/product\/private-blue-lagoon-tour-with-cobalt-30-speedboat-gray-line-croatia\/","name":"Private Blue Lagoon Tour with Cobalt 30 Speedboat | Gray Line Croatia - GrayLine","isPartOf":{"@id":"https:\/\/graylinesplit.com\/#website"},"datePublished":"2023-02-28T14:21:49+00:00","dateModified":"2024-11-10T18:27:40+00:00","description":"This completely personalized boat tour will take you to all those hidden places on the Adriatic coast that you've always dreamed about. Start your day with a stroll through the quaint streets of Trogir. Witness the originality and magnificence of the Blue Lagoon. Sign off your day with exploring a thriving underwater world on Solta island. This is a perfect opportunity for those who are still terrified by Covid-19 virus situation. Book a private tour for a special price this season, visit beautiful places with your relatives and friends and feel safe with us","breadcrumb":{"@id":"https:\/\/graylinesplit.com\/product\/private-blue-lagoon-tour-with-cobalt-30-speedboat-gray-line-croatia\/#breadcrumb"},"inLanguage":"hr","potentialAction":[{"@type":"ReadAction","target":["https:\/\/graylinesplit.com\/product\/private-blue-lagoon-tour-with-cobalt-30-speedboat-gray-line-croatia\/"]}]},{"@type":"BreadcrumbList","@id":"https:\/\/graylinesplit.com\/product\/private-blue-lagoon-tour-with-cobalt-30-speedboat-gray-line-croatia\/#breadcrumb","itemListElement":[{"@type":"ListItem","position":1,"name":"Home","item":"https:\/\/graylinesplit.com\/"},{"@type":"ListItem","position":2,"name":"Products","item":"https:\/\/graylinesplit.com\/shop\/"},{"@type":"ListItem","position":3,"name":"Private Blue Lagoon Tour with Cobalt 30 Speedboat | Gray Line Croatia"}]},{"@type":"WebSite","@id":"https:\/\/graylinesplit.com\/#website","url":"https:\/\/graylinesplit.com\/","name":"Gray Line","description":"Turisti\u010dka agencija","potentialAction":[{"@type":"SearchAction","target":{"@type":"EntryPoint","urlTemplate":"https:\/\/graylinesplit.com\/?s={search_term_string}"},"query-input":"required name=search_term_string"}],"inLanguage":"hr"}]}},"_links":{"self":[{"href":"https:\/\/graylinesplit.com\/hr\/wp-json\/wp\/v2\/product\/5000"}],"collection":[{"href":"https:\/\/graylinesplit.com\/hr\/wp-json\/wp\/v2\/product"}],"about":[{"href":"https:\/\/graylinesplit.com\/hr\/wp-json\/wp\/v2\/types\/product"}],"replies":[{"embeddable":true,"href":"https:\/\/graylinesplit.com\/hr\/wp-json\/wp\/v2\/comments?post=5000"}],"wp:featuredmedia":[{"embeddable":true,"href":"https:\/\/graylinesplit.com\/hr\/wp-json\/wp\/v2\/media\/5001"}],"wp:attachment":[{"href":"https:\/\/graylinesplit.com\/hr\/wp-json\/wp\/v2\/media?parent=5000"}],"wp:term":[{"taxonomy":"product_cat","embeddable":true,"href":"https:\/\/graylinesplit.com\/hr\/wp-json\/wp\/v2\/product_cat?post=5000"},{"taxonomy":"product_tag","embeddable":true,"href":"https:\/\/graylinesplit.com\/hr\/wp-json\/wp\/v2\/product_tag?post=5000"}],"curies":[{"name":"wp","href":"https:\/\/api.w.org\/{rel}","templated":true}]}}